{"id":365,"date":"2024-10-30T12:00:45","date_gmt":"2024-10-30T11:00:45","guid":{"rendered":"https:\/\/base1.lu\/form\/"},"modified":"2025-10-01T11:17:19","modified_gmt":"2025-10-01T10:17:19","slug":"form","status":"publish","type":"page","link":"https:\/\/base1.lu\/en\/form\/","title":{"rendered":"Makerfest Registration"},"content":{"rendered":"<h2 class=\"folder-item__content__subtitle typo typo--md\">Sign up for the 10\u1d57\u02b0 edition of Makerfest. Makerfest takes place on December 13, 15 &amp; 16 at the Forum Geessekn\u00e4ppchen, Luxembourg. <\/h2>\n<p style=\"line-height: 24px;\">Cet \u00e9v\u00e8nement offre de nombreux ateliers gratuits pour petits (\u00e0 partir de l\u2019\u00e2ge de 8 ans) et grands autour de la cr\u00e9ativit\u00e9 et des nouvelles technologies. Choisissez une plage d\u2019horaire et venez passer des moments inoubliables\u202f! Cet \u00e9v\u00e8nement peut \u00eatre visit\u00e9 seul ou en groupe de jeunes\u2026  <\/p>\n","protected":false},"excerpt":{"rendered":"<p>Sign up for the 10\u1d57\u02b0 edition of Makerfest. Makerfest takes place on December 13, 15 &amp; 16 at the Forum Geessekn\u00e4ppchen, Luxembourg. Cet \u00e9v\u00e8nement offre de nombreux ateliers gratuits pour petits (\u00e0 partir de l\u2019\u00e2ge de 8 ans) et grands autour de la cr\u00e9ativit\u00e9 et des nouvelles technologies. Choisissez une plage d\u2019horaire et venez passer [&hellip;]<\/p>\n","protected":false},"author":1,"featured_media":0,"parent":0,"menu_order":5,"comment_status":"closed","ping_status":"closed","template":"form.php","meta":{"_acf_changed":false,"inline_featured_image":false,"footnotes":""},"class_list":["post-365","page","type-page","status-publish","hentry"],"acf":[],"_links":{"self":[{"href":"https:\/\/base1.lu\/en\/wp-json\/wp\/v2\/pages\/365","targetHints":{"allow":["GET"]}}],"collection":[{"href":"https:\/\/base1.lu\/en\/wp-json\/wp\/v2\/pages"}],"about":[{"href":"https:\/\/base1.lu\/en\/wp-json\/wp\/v2\/types\/page"}],"author":[{"embeddable":true,"href":"https:\/\/base1.lu\/en\/wp-json\/wp\/v2\/users\/1"}],"replies":[{"embeddable":true,"href":"https:\/\/base1.lu\/en\/wp-json\/wp\/v2\/comments?post=365"}],"version-history":[{"count":4,"href":"https:\/\/base1.lu\/en\/wp-json\/wp\/v2\/pages\/365\/revisions"}],"predecessor-version":[{"id":1910,"href":"https:\/\/base1.lu\/en\/wp-json\/wp\/v2\/pages\/365\/revisions\/1910"}],"wp:attachment":[{"href":"https:\/\/base1.lu\/en\/wp-json\/wp\/v2\/media?parent=365"}],"curies":[{"name":"wp","href":"https:\/\/api.w.org\/{rel}","templated":true}]}}