{"id":1499,"date":"2025-05-28T05:25:13","date_gmt":"2025-05-28T04:25:13","guid":{"rendered":"https:\/\/base1.lu\/?page_id=1499"},"modified":"2025-07-30T13:15:56","modified_gmt":"2025-07-30T12:15:56","slug":"mobile-makerspace-annoying","status":"publish","type":"page","link":"https:\/\/base1.lu\/en\/mobile-makerspace-annoying\/","title":{"rendered":"Mobile Makerspace"},"content":{"rendered":"<p>Les mat\u00e9riaux cr\u00e9atifs suivants sont \u00e0 la disposition des maisons de jeunes au Luxembourg pour \u00eatre lou\u00e9s jusqu&#8217;\u00e0 2 mois.<\/p>\n<p>Si vous \u00eates int\u00e9ress\u00e9s, veuillez <span style=\"text-decoration: underline;\"><strong><a href=\"mailto:mobilemakerspace@base1.lu?subject=Bestellung%20Material%20%7C%20Mobile%20Makerspace&amp;body=Moien%2C%0A%0Aech%20w%C3%ABll%20Material%20vum%20Mobile%20Makerspace%20bestellen.%0A%0AJugendhaus%3A%0ANumm%3A%0AMaterial%20%26%20Unzuel%3A%0AZeitpunkt%3A%0A\">envoyer un e-mail<\/a><\/strong><\/span>.<\/p>\n<p>&nbsp;<\/p>\n","protected":false},"excerpt":{"rendered":"<p>Les mat\u00e9riaux cr\u00e9atifs suivants sont \u00e0 la disposition des maisons de jeunes au Luxembourg pour \u00eatre lou\u00e9s jusqu&#8217;\u00e0 2 mois. Si vous \u00eates int\u00e9ress\u00e9s, veuillez envoyer un e-mail. &nbsp;<\/p>\n","protected":false},"author":1,"featured_media":0,"parent":0,"menu_order":0,"comment_status":"closed","ping_status":"closed","template":"equipments.php","meta":{"_acf_changed":false,"inline_featured_image":false,"footnotes":""},"class_list":["post-1499","page","type-page","status-publish","hentry"],"acf":[],"_links":{"self":[{"href":"https:\/\/base1.lu\/en\/wp-json\/wp\/v2\/pages\/1499","targetHints":{"allow":["GET"]}}],"collection":[{"href":"https:\/\/base1.lu\/en\/wp-json\/wp\/v2\/pages"}],"about":[{"href":"https:\/\/base1.lu\/en\/wp-json\/wp\/v2\/types\/page"}],"author":[{"embeddable":true,"href":"https:\/\/base1.lu\/en\/wp-json\/wp\/v2\/users\/1"}],"replies":[{"embeddable":true,"href":"https:\/\/base1.lu\/en\/wp-json\/wp\/v2\/comments?post=1499"}],"version-history":[{"count":2,"href":"https:\/\/base1.lu\/en\/wp-json\/wp\/v2\/pages\/1499\/revisions"}],"predecessor-version":[{"id":1756,"href":"https:\/\/base1.lu\/en\/wp-json\/wp\/v2\/pages\/1499\/revisions\/1756"}],"wp:attachment":[{"href":"https:\/\/base1.lu\/en\/wp-json\/wp\/v2\/media?parent=1499"}],"curies":[{"name":"wp","href":"https:\/\/api.w.org\/{rel}","templated":true}]}}