{"id":540,"date":"2022-09-09T09:10:59","date_gmt":"2022-09-09T09:10:59","guid":{"rendered":"https:\/\/base1.lu\/base1\/"},"modified":"2022-09-13T09:47:38","modified_gmt":"2022-09-13T09:47:38","slug":"base1","status":"publish","type":"page","link":"https:\/\/base1.lu\/de\/base1\/","title":{"rendered":"\u00dcber Base1"},"content":{"rendered":"<p>Das Team <em>Kreativit\u00e9it erliewen<\/em> &#8211; Base1 des Nationalen Jugendwerks (Service national de la jeunesse &#8211; SNJ) bietet ein breites Angebot an Aktivit\u00e4ten, mit denen Kinder und Jugendliche ihre Kreativit\u00e4t anhand der neuen Technologien und der Medien ausleben k\u00f6nnen.<\/p>\n<p>Das Angebot richtet sich an verschiedene Zielgruppen und bietet den Raum und die Zeit f\u00fcr kreative Erfahrungen. Das beinhaltet kreativ sein, experimentieren, scheitern und verstehen sowie eigene Ideen umsetzen. Bei der Umsetzung der Projekte oder Aktivit\u00e4ten bekommen die Kinder und Jugendlichen Hilfe von spezialisierten Betreuern.<\/p>\n","protected":false},"excerpt":{"rendered":"<p>Das Team Kreativit\u00e9it erliewen &#8211; Base1 des Nationalen Jugendwerks (Service national de la jeunesse &#8211; SNJ) bietet ein breites Angebot an Aktivit\u00e4ten, mit denen Kinder und Jugendliche ihre Kreativit\u00e4t anhand der neuen Technologien und der Medien ausleben k\u00f6nnen. Das Angebot richtet sich an verschiedene Zielgruppen und bietet den Raum und die Zeit f\u00fcr kreative Erfahrungen. [&hellip;]<\/p>\n","protected":false},"author":1,"featured_media":0,"parent":0,"menu_order":26,"comment_status":"closed","ping_status":"closed","template":"about.php","meta":{"_acf_changed":false,"inline_featured_image":false,"footnotes":""},"class_list":["post-540","page","type-page","status-publish","hentry"],"acf":[],"_links":{"self":[{"href":"https:\/\/base1.lu\/de\/wp-json\/wp\/v2\/pages\/540","targetHints":{"allow":["GET"]}}],"collection":[{"href":"https:\/\/base1.lu\/de\/wp-json\/wp\/v2\/pages"}],"about":[{"href":"https:\/\/base1.lu\/de\/wp-json\/wp\/v2\/types\/page"}],"author":[{"embeddable":true,"href":"https:\/\/base1.lu\/de\/wp-json\/wp\/v2\/users\/1"}],"replies":[{"embeddable":true,"href":"https:\/\/base1.lu\/de\/wp-json\/wp\/v2\/comments?post=540"}],"version-history":[{"count":4,"href":"https:\/\/base1.lu\/de\/wp-json\/wp\/v2\/pages\/540\/revisions"}],"predecessor-version":[{"id":624,"href":"https:\/\/base1.lu\/de\/wp-json\/wp\/v2\/pages\/540\/revisions\/624"}],"wp:attachment":[{"href":"https:\/\/base1.lu\/de\/wp-json\/wp\/v2\/media?parent=540"}],"curies":[{"name":"wp","href":"https:\/\/api.w.org\/{rel}","templated":true}]}}