{"id":529,"date":"2022-09-10T18:10:15","date_gmt":"2022-09-10T17:10:15","guid":{"rendered":"https:\/\/base1.lu\/makerkoffer\/"},"modified":"2022-09-13T12:48:15","modified_gmt":"2022-09-13T12:48:15","slug":"makerkoffer","status":"publish","type":"page","link":"https:\/\/base1.lu\/de\/makerkoffer\/","title":{"rendered":"Makerkoffer"},"content":{"rendered":"<h2>Der Makerspace kommt zu dir!<\/h2>\n<p>Im Makerspace lernen Kinder und Jugendliche die neuen Technologien auf kreative Weise zu benutzen und ihre eigenen Projekte umzusetzen, von der Idee bis zum fertigen Produkt. <\/p>\n<p>Mit der Unterst\u00fctzung des Fonds national de la recherche (FNR) hat das Team <em>Kreativit\u00e9it erliewen<\/em> den Makerkoffer entwickelt. <\/p>\n<p>Anhand von Aktivit\u00e4ten auf verschiedenen Levels k\u00f6nnen Kinder ab 8 Jahren neue Kompetenzen im Bereich der Programmierung, der \u201eWearables\u201c und der Elektronik erwerben.<\/p>\n<p>So einfach ist es, seinen eigenen Makerkoffer zu gestalten!<\/p>\n","protected":false},"excerpt":{"rendered":"<p>Der Makerspace kommt zu dir! Im Makerspace lernen Kinder und Jugendliche die neuen Technologien auf kreative Weise zu benutzen und ihre eigenen Projekte umzusetzen, von der Idee bis zum fertigen Produkt. Mit der Unterst\u00fctzung des Fonds national de la recherche (FNR) hat das Team Kreativit\u00e9it erliewen den Makerkoffer entwickelt. Anhand von Aktivit\u00e4ten auf verschiedenen Levels [&hellip;]<\/p>\n","protected":false},"author":1,"featured_media":0,"parent":0,"menu_order":7,"comment_status":"closed","ping_status":"closed","template":"makerkoffer.php","meta":{"_acf_changed":false,"inline_featured_image":false,"footnotes":""},"class_list":["post-529","page","type-page","status-publish","hentry"],"acf":[],"_links":{"self":[{"href":"https:\/\/base1.lu\/de\/wp-json\/wp\/v2\/pages\/529","targetHints":{"allow":["GET"]}}],"collection":[{"href":"https:\/\/base1.lu\/de\/wp-json\/wp\/v2\/pages"}],"about":[{"href":"https:\/\/base1.lu\/de\/wp-json\/wp\/v2\/types\/page"}],"author":[{"embeddable":true,"href":"https:\/\/base1.lu\/de\/wp-json\/wp\/v2\/users\/1"}],"replies":[{"embeddable":true,"href":"https:\/\/base1.lu\/de\/wp-json\/wp\/v2\/comments?post=529"}],"version-history":[{"count":4,"href":"https:\/\/base1.lu\/de\/wp-json\/wp\/v2\/pages\/529\/revisions"}],"predecessor-version":[{"id":657,"href":"https:\/\/base1.lu\/de\/wp-json\/wp\/v2\/pages\/529\/revisions\/657"}],"wp:attachment":[{"href":"https:\/\/base1.lu\/de\/wp-json\/wp\/v2\/media?parent=529"}],"curies":[{"name":"wp","href":"https:\/\/api.w.org\/{rel}","templated":true}]}}