{"id":453,"date":"2022-09-09T09:42:33","date_gmt":"2022-09-09T08:42:33","guid":{"rendered":"https:\/\/base1.lu\/activities\/"},"modified":"2025-04-04T13:22:06","modified_gmt":"2025-04-04T12:22:06","slug":"activities","status":"publish","type":"page","link":"https:\/\/base1.lu\/de\/activities\/","title":{"rendered":"Aktivit\u00e4ten"},"content":{"rendered":"<hr \/>\n<p>Wir bieten Workshops f\u00fcr Gruppen aus Maison Relais, Grundschulen, Jugendh\u00e4usern, Sekundarschulen und anderen Einrichtungen an.<\/p>\n<p>Gruppenaktivit\u00e4ten k\u00f6nnen unabh\u00e4ngig von den Makerspace \u00d6ffnungszeiten stattfinden.<\/p>\n<p>Hier unten findest du alle Aktivit\u00e4ten unseres Teams <em>Kreativit\u00e9it erliewen<\/em>.<\/p>\n","protected":false},"excerpt":{"rendered":"<p>Wir bieten Workshops f\u00fcr Gruppen aus Maison Relais, Grundschulen, Jugendh\u00e4usern, Sekundarschulen und anderen Einrichtungen an. Gruppenaktivit\u00e4ten k\u00f6nnen unabh\u00e4ngig von den Makerspace \u00d6ffnungszeiten stattfinden. Hier unten findest du alle Aktivit\u00e4ten unseres Teams Kreativit\u00e9it erliewen.<\/p>\n","protected":false},"author":1,"featured_media":0,"parent":0,"menu_order":23,"comment_status":"closed","ping_status":"closed","template":"activities.php","meta":{"_acf_changed":false,"inline_featured_image":false,"footnotes":""},"class_list":["post-453","page","type-page","status-publish","hentry"],"acf":[],"_links":{"self":[{"href":"https:\/\/base1.lu\/de\/wp-json\/wp\/v2\/pages\/453","targetHints":{"allow":["GET"]}}],"collection":[{"href":"https:\/\/base1.lu\/de\/wp-json\/wp\/v2\/pages"}],"about":[{"href":"https:\/\/base1.lu\/de\/wp-json\/wp\/v2\/types\/page"}],"author":[{"embeddable":true,"href":"https:\/\/base1.lu\/de\/wp-json\/wp\/v2\/users\/1"}],"replies":[{"embeddable":true,"href":"https:\/\/base1.lu\/de\/wp-json\/wp\/v2\/comments?post=453"}],"version-history":[{"count":5,"href":"https:\/\/base1.lu\/de\/wp-json\/wp\/v2\/pages\/453\/revisions"}],"predecessor-version":[{"id":1429,"href":"https:\/\/base1.lu\/de\/wp-json\/wp\/v2\/pages\/453\/revisions\/1429"}],"wp:attachment":[{"href":"https:\/\/base1.lu\/de\/wp-json\/wp\/v2\/media?parent=453"}],"curies":[{"name":"wp","href":"https:\/\/api.w.org\/{rel}","templated":true}]}}