{"id":450,"date":"2022-09-09T06:40:26","date_gmt":"2022-09-09T05:40:26","guid":{"rendered":"https:\/\/base1.lu\/makerspace-walk-in\/"},"modified":"2025-01-09T17:25:06","modified_gmt":"2025-01-09T16:25:06","slug":"makerspace-walk-in","status":"publish","type":"page","link":"https:\/\/base1.lu\/de\/makerspace-walk-in\/","title":{"rendered":"Makerspace"},"content":{"rendered":"<p>Der Makerspace ist ein kreativer und multidisziplin\u00e4rer Raum f\u00fcr Jugendliche (Sch\u00fcler oder nicht) zwischen 8 und 30 Jahren, die die neuen Medien auf kreative Weise nutzen wollen, um ihre eigenen Projekte umzusetzen.<\/p>\n<p>Er ist mit Ger\u00e4ten ausgestattet, die den Jugendlichen und spezialisierten Betreuer zur Verf\u00fcgung stehen: Werkzeuge, Computer, L\u00f6tkolben, Roboter, 3D-Drucker sowie komplexere Teile wie ein LaserCutter oder ein RISO-Drucker.<\/p>\n<p>W\u00e4hrend der \u00d6ffnungszeiten des Walk-in k\u00f6nnen die Jugendlichen nach Belieben ohne Anmeldung kommen. Es sind keine Vorkenntnisse erforderlich. Wir begr\u00fc\u00dfen Anf\u00e4nger f\u00f6rdern Neugier.<\/p>\n<p>Adresse: FORUM Geessekn\u00e4ppchen<br \/>\n40, Boulevard Pierre Dupong<br \/>\nL-1430 Luxembourg<\/p>\n","protected":false},"excerpt":{"rendered":"<p>Der Makerspace ist ein kreativer und multidisziplin\u00e4rer Raum f\u00fcr Jugendliche (Sch\u00fcler oder nicht) zwischen 8 und 30 Jahren, die die neuen Medien auf kreative Weise nutzen wollen, um ihre eigenen Projekte umzusetzen. Er ist mit Ger\u00e4ten ausgestattet, die den Jugendlichen und spezialisierten Betreuer zur Verf\u00fcgung stehen: Werkzeuge, Computer, L\u00f6tkolben, Roboter, 3D-Drucker sowie komplexere Teile wie [&hellip;]<\/p>\n","protected":false},"author":1,"featured_media":0,"parent":0,"menu_order":29,"comment_status":"closed","ping_status":"closed","template":"makerspace.php","meta":{"_acf_changed":false,"inline_featured_image":false,"footnotes":""},"class_list":["post-450","page","type-page","status-publish","hentry"],"acf":[],"_links":{"self":[{"href":"https:\/\/base1.lu\/de\/wp-json\/wp\/v2\/pages\/450","targetHints":{"allow":["GET"]}}],"collection":[{"href":"https:\/\/base1.lu\/de\/wp-json\/wp\/v2\/pages"}],"about":[{"href":"https:\/\/base1.lu\/de\/wp-json\/wp\/v2\/types\/page"}],"author":[{"embeddable":true,"href":"https:\/\/base1.lu\/de\/wp-json\/wp\/v2\/users\/1"}],"replies":[{"embeddable":true,"href":"https:\/\/base1.lu\/de\/wp-json\/wp\/v2\/comments?post=450"}],"version-history":[{"count":11,"href":"https:\/\/base1.lu\/de\/wp-json\/wp\/v2\/pages\/450\/revisions"}],"predecessor-version":[{"id":1358,"href":"https:\/\/base1.lu\/de\/wp-json\/wp\/v2\/pages\/450\/revisions\/1358"}],"wp:attachment":[{"href":"https:\/\/base1.lu\/de\/wp-json\/wp\/v2\/media?parent=450"}],"curies":[{"name":"wp","href":"https:\/\/api.w.org\/{rel}","templated":true}]}}