{"id":367,"date":"2024-10-30T12:00:45","date_gmt":"2024-10-30T11:00:45","guid":{"rendered":"https:\/\/base1.lu\/formular\/"},"modified":"2025-10-01T11:17:44","modified_gmt":"2025-10-01T10:17:44","slug":"formular","status":"publish","type":"page","link":"https:\/\/base1.lu\/de\/formular\/","title":{"rendered":"Makerfest Anmeldung"},"content":{"rendered":"<h2 class=\"folder-item__content__subtitle typo typo--md\">Melden Sie sich f\u00fcr die 10. Ausgabe des Makerfest an. Das Makerfest findet am 13., 15. und 16. Dezember im Forum Geessekn\u00e4ppchen in Luxemburg statt. <\/h2>\n<p style=\"line-height: 24px;\">Diese Veranstaltung bietet zahlreiche kostenlose Workshops f\u00fcr Kinder (ab 8 Jahren) und Erwachsene rund um Kreativit\u00e4t und neue Technologien. W\u00e4hlen Sie ein Zeitfenster und erleben Sie unvergessliche Momente! Die Veranstaltung kann allein oder in einer Jugendgruppe besucht werden\u2026  <\/p>\n","protected":false},"excerpt":{"rendered":"<p>Melden Sie sich f\u00fcr die 10. Ausgabe des Makerfest an. Das Makerfest findet am 13., 15. und 16. Dezember im Forum Geessekn\u00e4ppchen in Luxemburg statt. Diese Veranstaltung bietet zahlreiche kostenlose Workshops f\u00fcr Kinder (ab 8 Jahren) und Erwachsene rund um Kreativit\u00e4t und neue Technologien. W\u00e4hlen Sie ein Zeitfenster und erleben Sie unvergessliche Momente! Die Veranstaltung [&hellip;]<\/p>\n","protected":false},"author":1,"featured_media":0,"parent":0,"menu_order":5,"comment_status":"closed","ping_status":"closed","template":"form.php","meta":{"_acf_changed":false,"inline_featured_image":false,"footnotes":""},"class_list":["post-367","page","type-page","status-publish","hentry"],"acf":[],"_links":{"self":[{"href":"https:\/\/base1.lu\/de\/wp-json\/wp\/v2\/pages\/367","targetHints":{"allow":["GET"]}}],"collection":[{"href":"https:\/\/base1.lu\/de\/wp-json\/wp\/v2\/pages"}],"about":[{"href":"https:\/\/base1.lu\/de\/wp-json\/wp\/v2\/types\/page"}],"author":[{"embeddable":true,"href":"https:\/\/base1.lu\/de\/wp-json\/wp\/v2\/users\/1"}],"replies":[{"embeddable":true,"href":"https:\/\/base1.lu\/de\/wp-json\/wp\/v2\/comments?post=367"}],"version-history":[{"count":3,"href":"https:\/\/base1.lu\/de\/wp-json\/wp\/v2\/pages\/367\/revisions"}],"predecessor-version":[{"id":1911,"href":"https:\/\/base1.lu\/de\/wp-json\/wp\/v2\/pages\/367\/revisions\/1911"}],"wp:attachment":[{"href":"https:\/\/base1.lu\/de\/wp-json\/wp\/v2\/media?parent=367"}],"curies":[{"name":"wp","href":"https:\/\/api.w.org\/{rel}","templated":true}]}}