{"id":1501,"date":"2025-05-28T05:25:13","date_gmt":"2025-05-28T04:25:13","guid":{"rendered":"https:\/\/base1.lu\/?page_id=1501"},"modified":"2025-07-30T13:13:33","modified_gmt":"2025-07-30T12:13:33","slug":"mobile-makerspace","status":"publish","type":"page","link":"https:\/\/base1.lu\/de\/mobile-makerspace\/","title":{"rendered":"Mobile Makerspace"},"content":{"rendered":"<p>Die folgenden kreativen Materialien stehen den Jugendh\u00e4usern in Luxemburg f\u00fcr eine Ausleihe von bis zu 2 Monaten zur Verf\u00fcgung.<\/p>\n<p>Bei Interesse bitte eine <span style=\"text-decoration: underline;\"><strong><a href=\"mailto:mobilemakerspace@base1.lu?subject=Bestellung%20Material%20%7C%20Mobile%20Makerspace&amp;body=Moien%2C%0A%0Aech%20w%C3%ABll%20Material%20vum%20Mobile%20Makerspace%20bestellen.%0A%0AJugendhaus%3A%0ANumm%3A%0AMaterial%20%26%20Unzuel%3A%0AZeitpunkt%3A%0A\">E-Mail senden<\/a><\/strong><\/span>.<\/p>\n<p>&nbsp;<\/p>\n","protected":false},"excerpt":{"rendered":"<p>Die folgenden kreativen Materialien stehen den Jugendh\u00e4usern in Luxemburg f\u00fcr eine Ausleihe von bis zu 2 Monaten zur Verf\u00fcgung. Bei Interesse bitte eine E-Mail senden. &nbsp;<\/p>\n","protected":false},"author":1,"featured_media":0,"parent":0,"menu_order":0,"comment_status":"closed","ping_status":"closed","template":"equipments.php","meta":{"_acf_changed":false,"inline_featured_image":false,"footnotes":""},"class_list":["post-1501","page","type-page","status-publish","hentry"],"acf":[],"_links":{"self":[{"href":"https:\/\/base1.lu\/de\/wp-json\/wp\/v2\/pages\/1501","targetHints":{"allow":["GET"]}}],"collection":[{"href":"https:\/\/base1.lu\/de\/wp-json\/wp\/v2\/pages"}],"about":[{"href":"https:\/\/base1.lu\/de\/wp-json\/wp\/v2\/types\/page"}],"author":[{"embeddable":true,"href":"https:\/\/base1.lu\/de\/wp-json\/wp\/v2\/users\/1"}],"replies":[{"embeddable":true,"href":"https:\/\/base1.lu\/de\/wp-json\/wp\/v2\/comments?post=1501"}],"version-history":[{"count":2,"href":"https:\/\/base1.lu\/de\/wp-json\/wp\/v2\/pages\/1501\/revisions"}],"predecessor-version":[{"id":1757,"href":"https:\/\/base1.lu\/de\/wp-json\/wp\/v2\/pages\/1501\/revisions\/1757"}],"wp:attachment":[{"href":"https:\/\/base1.lu\/de\/wp-json\/wp\/v2\/media?parent=1501"}],"curies":[{"name":"wp","href":"https:\/\/api.w.org\/{rel}","templated":true}]}}